{"id":23827,"date":"2025-10-23T23:21:03","date_gmt":"2025-10-24T05:21:03","guid":{"rendered":"https:\/\/dermagenesiscostarica.com\/?post_type=product&#038;p=23827"},"modified":"2025-10-23T23:21:03","modified_gmt":"2025-10-24T05:21:03","slug":"masaje-deportivo","status":"publish","type":"product","link":"https:\/\/dermagenesiscostarica.com\/en\/product\/masaje-deportivo\/","title":{"rendered":"Sports Massage"},"content":{"rendered":"<article class=\"text-token-text-primary w-full focus:outline-none [--shadow-height:45px] has-data-writing-block:pointer-events-none has-data-writing-block:-mt-(--shadow-height) has-data-writing-block:pt-(--shadow-height) [&amp;:has([data-writing-block])&gt;*]:pointer-events-auto [content-visibility:auto] supports-[content-visibility:auto]:[contain-intrinsic-size:auto_100lvh] scroll-mt-[calc(var(--header-height)+min(200px,max(70px,20svh)))]\" dir=\"auto\" tabindex=\"-1\" data-turn-id=\"request-68f80e88-6af8-8325-848c-422cf574e8e0-13\" data-testid=\"conversation-turn-68\" data-scroll-anchor=\"true\" data-turn=\"assistant\">\n<div class=\"text-base my-auto mx-auto pb-10 [--thread-content-margin:--spacing(4)] thread-sm:[--thread-content-margin:--spacing(6)] thread-lg:[--thread-content-margin:--spacing(16)] px-(--thread-content-margin)\">\n<div class=\"[--thread-content-max-width:40rem] thread-lg:[--thread-content-max-width:48rem] mx-auto max-w-(--thread-content-max-width) flex-1 group\/turn-messages focus-visible:outline-hidden relative flex w-full min-w-0 flex-col agent-turn\" tabindex=\"-1\">\n<div class=\"flex max-w-full flex-col grow\">\n<div class=\"min-h-8 text-message relative flex w-full flex-col items-end gap-2 text-start break-words whitespace-normal [.text-message+&amp;]:mt-1\" dir=\"auto\" data-message-author-role=\"assistant\" data-message-id=\"12f0d5e6-ee63-4b47-913f-cf7901e8229f\" data-message-model-slug=\"gpt-5\">\n<div class=\"flex w-full flex-col gap-1 empty:hidden first:pt-[1px]\">\n<div class=\"markdown prose dark:prose-invert w-full break-words light markdown-new-styling\">\n<p data-start=\"245\" data-end=\"613\">Sports massage is a specialized technique focused on athletes or active individuals seeking to optimize their physical performance. Through firm, deep massages, the massage directly targets the muscle groups most stressed during sports activities, promoting the elimination of toxins, tissue recovery, and injury prevention.<\/p>\n<p data-start=\"615\" data-end=\"846\">This massage can be applied before training to activate the muscles or afterward to relax and promote regeneration. It is also ideal during muscle rehabilitation or periods of intense physical exertion.<\/p>\n<p data-start=\"848\" data-end=\"865\"><strong data-start=\"848\" data-end=\"863\">Benefits:<\/strong><\/p>\n<ul data-start=\"866\" data-end=\"1133\" data-is-last-node=\"\" data-is-only-node=\"\">\n<li data-start=\"866\" data-end=\"919\">\n<p data-start=\"868\" data-end=\"919\">Increases flexibility and muscle performance<\/p>\n<\/li>\n<li data-start=\"920\" data-end=\"966\">\n<p data-start=\"922\" data-end=\"966\">Reduces the risk of injury and overload<\/p>\n<\/li>\n<li data-start=\"967\" data-end=\"1017\">\n<p data-start=\"969\" data-end=\"1017\">Promotes recovery after exercise<\/p>\n<\/li>\n<li data-start=\"1018\" data-end=\"1069\">\n<p data-start=\"1020\" data-end=\"1069\">Improves circulation and muscle oxygenation<\/p>\n<\/li>\n<li data-start=\"1070\" data-end=\"1133\" data-is-last-node=\"\">\n<p data-start=\"1072\" data-end=\"1133\" data-is-last-node=\"\">Relieves pain and contractures caused by physical exertion<\/p>\n<\/li>\n<\/ul>\n<\/div>\n<\/div>\n<\/div>\n<\/div>\n<div class=\"z-0 flex min-h-[46px] justify-start\"><\/div>\n<div class=\"mt-3 w-full empty:hidden\">\n<div class=\"text-center\"><\/div>\n<\/div>\n<\/div>\n<\/div>\n<\/article>\n<div class=\"pointer-events-none h-px w-px\" aria-hidden=\"true\" data-edge=\"true\"><\/div>","protected":false},"excerpt":{"rendered":"<p>Sports massage is designed to prepare, recover, or rehabilitate muscles before or after physical exercise, helping to improve performance and prevent injuries.<\/p>","protected":false},"featured_media":23828,"comment_status":"closed","ping_status":"closed","template":"","meta":[],"product_brand":[],"product_cat":[206,207],"product_tag":[],"class_list":{"0":"post-23827","1":"product","2":"type-product","3":"status-publish","4":"has-post-thumbnail","6":"product_cat-masajes","7":"product_cat-todos-los-productos","9":"first","10":"instock","11":"shipping-taxable","12":"purchasable","13":"product-type-simple"},"yoast_head":"<!-- This site is optimized with the Yoast SEO plugin v26.9 - https:\/\/yoast.com\/product\/yoast-seo-wordpress\/ -->\n<title>Masaje Deportivo - Dermag\u00e9nesis Costa Rica<\/title>\n<meta name=\"robots\" content=\"index, follow, max-snippet:-1, max-image-preview:large, max-video-preview:-1\" \/>\n<link rel=\"canonical\" href=\"https:\/\/dermagenesiscostarica.com\/en\/product\/masaje-deportivo\/\" \/>\n<meta property=\"og:locale\" content=\"en_US\" \/>\n<meta property=\"og:type\" content=\"article\" \/>\n<meta property=\"og:title\" content=\"Masaje Deportivo - Dermag\u00e9nesis Costa Rica\" \/>\n<meta property=\"og:description\" content=\"El Masaje Deportivo est\u00e1 dise\u00f1ado para preparar, recuperar o rehabilitar los m\u00fasculos antes o despu\u00e9s del ejercicio f\u00edsico, ayudando a mejorar el rendimiento y prevenir lesiones.\" \/>\n<meta property=\"og:url\" content=\"https:\/\/dermagenesiscostarica.com\/en\/product\/masaje-deportivo\/\" \/>\n<meta property=\"og:site_name\" content=\"Dermag\u00e9nesis Costa Rica\" \/>\n<meta property=\"article:publisher\" content=\"https:\/\/www.facebook.com\/dermagenesiscostarica\" \/>\n<meta property=\"og:image\" content=\"https:\/\/dermagenesiscostarica.com\/wp-content\/uploads\/2025\/10\/MASAJE-2.jpg\" \/>\n\t<meta property=\"og:image:width\" content=\"1000\" \/>\n\t<meta property=\"og:image:height\" content=\"1000\" \/>\n\t<meta property=\"og:image:type\" content=\"image\/jpeg\" \/>\n<meta name=\"twitter:card\" content=\"summary_large_image\" \/>\n<meta name=\"twitter:label1\" content=\"Est. reading time\" \/>\n\t<meta name=\"twitter:data1\" content=\"1 minute\" \/>\n<script type=\"application\/ld+json\" class=\"yoast-schema-graph\">{\"@context\":\"https:\/\/schema.org\",\"@graph\":[{\"@type\":\"WebPage\",\"@id\":\"https:\/\/dermagenesiscostarica.com\/product\/masaje-deportivo\/\",\"url\":\"https:\/\/dermagenesiscostarica.com\/product\/masaje-deportivo\/\",\"name\":\"Masaje Deportivo - Dermag\u00e9nesis Costa Rica\",\"isPartOf\":{\"@id\":\"https:\/\/dermagenesiscostarica.com\/#website\"},\"primaryImageOfPage\":{\"@id\":\"https:\/\/dermagenesiscostarica.com\/product\/masaje-deportivo\/#primaryimage\"},\"image\":{\"@id\":\"https:\/\/dermagenesiscostarica.com\/product\/masaje-deportivo\/#primaryimage\"},\"thumbnailUrl\":\"https:\/\/dermagenesiscostarica.com\/wp-content\/uploads\/2025\/10\/MASAJE-2.jpg\",\"datePublished\":\"2025-10-24T05:21:03+00:00\",\"breadcrumb\":{\"@id\":\"https:\/\/dermagenesiscostarica.com\/product\/masaje-deportivo\/#breadcrumb\"},\"inLanguage\":\"en-US\",\"potentialAction\":[{\"@type\":\"ReadAction\",\"target\":[\"https:\/\/dermagenesiscostarica.com\/product\/masaje-deportivo\/\"]}]},{\"@type\":\"ImageObject\",\"inLanguage\":\"en-US\",\"@id\":\"https:\/\/dermagenesiscostarica.com\/product\/masaje-deportivo\/#primaryimage\",\"url\":\"https:\/\/dermagenesiscostarica.com\/wp-content\/uploads\/2025\/10\/MASAJE-2.jpg\",\"contentUrl\":\"https:\/\/dermagenesiscostarica.com\/wp-content\/uploads\/2025\/10\/MASAJE-2.jpg\",\"width\":1000,\"height\":1000},{\"@type\":\"BreadcrumbList\",\"@id\":\"https:\/\/dermagenesiscostarica.com\/product\/masaje-deportivo\/#breadcrumb\",\"itemListElement\":[{\"@type\":\"ListItem\",\"position\":1,\"name\":\"Portada\",\"item\":\"https:\/\/dermagenesiscostarica.com\/\"},{\"@type\":\"ListItem\",\"position\":2,\"name\":\"Tienda\",\"item\":\"https:\/\/dermagenesiscostarica.com\/shop-custom\/\"},{\"@type\":\"ListItem\",\"position\":3,\"name\":\"Masaje Deportivo\"}]},{\"@type\":\"WebSite\",\"@id\":\"https:\/\/dermagenesiscostarica.com\/#website\",\"url\":\"https:\/\/dermagenesiscostarica.com\/\",\"name\":\"Dermag\u00e9nesis Costa Rica\",\"description\":\"\",\"publisher\":{\"@id\":\"https:\/\/dermagenesiscostarica.com\/#organization\"},\"potentialAction\":[{\"@type\":\"SearchAction\",\"target\":{\"@type\":\"EntryPoint\",\"urlTemplate\":\"https:\/\/dermagenesiscostarica.com\/?s={search_term_string}\"},\"query-input\":{\"@type\":\"PropertyValueSpecification\",\"valueRequired\":true,\"valueName\":\"search_term_string\"}}],\"inLanguage\":\"en-US\"},{\"@type\":\"Organization\",\"@id\":\"https:\/\/dermagenesiscostarica.com\/#organization\",\"name\":\"Dermag\u00e9nesis Costa Rica\",\"url\":\"https:\/\/dermagenesiscostarica.com\/\",\"logo\":{\"@type\":\"ImageObject\",\"inLanguage\":\"en-US\",\"@id\":\"https:\/\/dermagenesiscostarica.com\/#\/schema\/logo\/image\/\",\"url\":\"https:\/\/dermagenesiscostarica.com\/wp-content\/uploads\/2024\/10\/logo-v1.png\",\"contentUrl\":\"https:\/\/dermagenesiscostarica.com\/wp-content\/uploads\/2024\/10\/logo-v1.png\",\"width\":520,\"height\":297,\"caption\":\"Dermag\u00e9nesis Costa Rica\"},\"image\":{\"@id\":\"https:\/\/dermagenesiscostarica.com\/#\/schema\/logo\/image\/\"},\"sameAs\":[\"https:\/\/www.facebook.com\/dermagenesiscostarica\",\"https:\/\/www.instagram.com\/dermagenesiscostarica\"]}]}<\/script>\n<!-- \/ Yoast SEO plugin. -->","yoast_head_json":{"title":"Masaje Deportivo - Dermag\u00e9nesis Costa Rica","robots":{"index":"index","follow":"follow","max-snippet":"max-snippet:-1","max-image-preview":"max-image-preview:large","max-video-preview":"max-video-preview:-1"},"canonical":"https:\/\/dermagenesiscostarica.com\/en\/product\/masaje-deportivo\/","og_locale":"en_US","og_type":"article","og_title":"Masaje Deportivo - Dermag\u00e9nesis Costa Rica","og_description":"El Masaje Deportivo est\u00e1 dise\u00f1ado para preparar, recuperar o rehabilitar los m\u00fasculos antes o despu\u00e9s del ejercicio f\u00edsico, ayudando a mejorar el rendimiento y prevenir lesiones.","og_url":"https:\/\/dermagenesiscostarica.com\/en\/product\/masaje-deportivo\/","og_site_name":"Dermag\u00e9nesis Costa Rica","article_publisher":"https:\/\/www.facebook.com\/dermagenesiscostarica","og_image":[{"width":1000,"height":1000,"url":"https:\/\/dermagenesiscostarica.com\/wp-content\/uploads\/2025\/10\/MASAJE-2.jpg","type":"image\/jpeg"}],"twitter_card":"summary_large_image","twitter_misc":{"Est. reading time":"1 minute"},"schema":{"@context":"https:\/\/schema.org","@graph":[{"@type":"WebPage","@id":"https:\/\/dermagenesiscostarica.com\/product\/masaje-deportivo\/","url":"https:\/\/dermagenesiscostarica.com\/product\/masaje-deportivo\/","name":"Masaje Deportivo - Dermag\u00e9nesis Costa Rica","isPartOf":{"@id":"https:\/\/dermagenesiscostarica.com\/#website"},"primaryImageOfPage":{"@id":"https:\/\/dermagenesiscostarica.com\/product\/masaje-deportivo\/#primaryimage"},"image":{"@id":"https:\/\/dermagenesiscostarica.com\/product\/masaje-deportivo\/#primaryimage"},"thumbnailUrl":"https:\/\/dermagenesiscostarica.com\/wp-content\/uploads\/2025\/10\/MASAJE-2.jpg","datePublished":"2025-10-24T05:21:03+00:00","breadcrumb":{"@id":"https:\/\/dermagenesiscostarica.com\/product\/masaje-deportivo\/#breadcrumb"},"inLanguage":"en-US","potentialAction":[{"@type":"ReadAction","target":["https:\/\/dermagenesiscostarica.com\/product\/masaje-deportivo\/"]}]},{"@type":"ImageObject","inLanguage":"en-US","@id":"https:\/\/dermagenesiscostarica.com\/product\/masaje-deportivo\/#primaryimage","url":"https:\/\/dermagenesiscostarica.com\/wp-content\/uploads\/2025\/10\/MASAJE-2.jpg","contentUrl":"https:\/\/dermagenesiscostarica.com\/wp-content\/uploads\/2025\/10\/MASAJE-2.jpg","width":1000,"height":1000},{"@type":"BreadcrumbList","@id":"https:\/\/dermagenesiscostarica.com\/product\/masaje-deportivo\/#breadcrumb","itemListElement":[{"@type":"ListItem","position":1,"name":"Portada","item":"https:\/\/dermagenesiscostarica.com\/"},{"@type":"ListItem","position":2,"name":"Tienda","item":"https:\/\/dermagenesiscostarica.com\/shop-custom\/"},{"@type":"ListItem","position":3,"name":"Masaje Deportivo"}]},{"@type":"WebSite","@id":"https:\/\/dermagenesiscostarica.com\/#website","url":"https:\/\/dermagenesiscostarica.com\/","name":"Dermagenesis Costa Rica","description":"","publisher":{"@id":"https:\/\/dermagenesiscostarica.com\/#organization"},"potentialAction":[{"@type":"SearchAction","target":{"@type":"EntryPoint","urlTemplate":"https:\/\/dermagenesiscostarica.com\/?s={search_term_string}"},"query-input":{"@type":"PropertyValueSpecification","valueRequired":true,"valueName":"search_term_string"}}],"inLanguage":"en-US"},{"@type":"Organization","@id":"https:\/\/dermagenesiscostarica.com\/#organization","name":"Dermagenesis Costa Rica","url":"https:\/\/dermagenesiscostarica.com\/","logo":{"@type":"ImageObject","inLanguage":"en-US","@id":"https:\/\/dermagenesiscostarica.com\/#\/schema\/logo\/image\/","url":"https:\/\/dermagenesiscostarica.com\/wp-content\/uploads\/2024\/10\/logo-v1.png","contentUrl":"https:\/\/dermagenesiscostarica.com\/wp-content\/uploads\/2024\/10\/logo-v1.png","width":520,"height":297,"caption":"Dermag\u00e9nesis Costa Rica"},"image":{"@id":"https:\/\/dermagenesiscostarica.com\/#\/schema\/logo\/image\/"},"sameAs":["https:\/\/www.facebook.com\/dermagenesiscostarica","https:\/\/www.instagram.com\/dermagenesiscostarica"]}]}},"_links":{"self":[{"href":"https:\/\/dermagenesiscostarica.com\/en\/wp-json\/wp\/v2\/product\/23827","targetHints":{"allow":["GET"]}}],"collection":[{"href":"https:\/\/dermagenesiscostarica.com\/en\/wp-json\/wp\/v2\/product"}],"about":[{"href":"https:\/\/dermagenesiscostarica.com\/en\/wp-json\/wp\/v2\/types\/product"}],"replies":[{"embeddable":true,"href":"https:\/\/dermagenesiscostarica.com\/en\/wp-json\/wp\/v2\/comments?post=23827"}],"wp:featuredmedia":[{"embeddable":true,"href":"https:\/\/dermagenesiscostarica.com\/en\/wp-json\/wp\/v2\/media\/23828"}],"wp:attachment":[{"href":"https:\/\/dermagenesiscostarica.com\/en\/wp-json\/wp\/v2\/media?parent=23827"}],"wp:term":[{"taxonomy":"product_brand","embeddable":true,"href":"https:\/\/dermagenesiscostarica.com\/en\/wp-json\/wp\/v2\/product_brand?post=23827"},{"taxonomy":"product_cat","embeddable":true,"href":"https:\/\/dermagenesiscostarica.com\/en\/wp-json\/wp\/v2\/product_cat?post=23827"},{"taxonomy":"product_tag","embeddable":true,"href":"https:\/\/dermagenesiscostarica.com\/en\/wp-json\/wp\/v2\/product_tag?post=23827"}],"curies":[{"name":"wp","href":"https:\/\/api.w.org\/{rel}","templated":true}]}}