{"id":23792,"date":"2025-10-22T16:33:31","date_gmt":"2025-10-22T22:33:31","guid":{"rendered":"https:\/\/dermagenesiscostarica.com\/?post_type=product&#038;p=23792"},"modified":"2025-10-23T11:19:00","modified_gmt":"2025-10-23T17:19:00","slug":"paquete-3-sesiones-exosomas-o-pdrn","status":"publish","type":"product","link":"https:\/\/dermagenesiscostarica.com\/en\/product\/paquete-3-sesiones-exosomas-o-pdrn\/","title":{"rendered":"3-session package (Exosomes or PDRN)"},"content":{"rendered":"<p>Our 3-session package with <b>Exosomes or PDRN<\/b> (according to a professional evaluation) is the cutting edge of regenerative aesthetic medicine. These powerful biostimulants act at the cellular level to reactivate your skin&#039;s natural repair and rejuvenation mechanisms.<\/p>\n<p>&nbsp;<\/p>\n<p>Both the <b>Exosomes<\/b> (biological messengers) such as <b>PDRN<\/b> (Salmon Polydeoxyribonucleotide) penetrate the dermis to intensely stimulate fibroblasts. The result is progressive, deep regeneration that not only corrects the visible signs of aging but also improves the skin&#039;s intrinsic health and quality.<\/p>\n<p>&nbsp;<\/p>\n<p>This protocol is ideal for treating sagging skin, fine wrinkles, loss of radiance, scars, and sun damage. By performing three sessions at appropriate intervals (usually every 2-4 weeks), you maximize the cumulative effect of biostimulation, ensuring more visible and lasting results.<\/p>\n<p>&nbsp;<\/p>\n<p><b>Benefits of your 3-session package:<\/b><\/p>\n<ul>\n<li><b>Deep and Natural Rejuvenation:<\/b> Regenerates damaged tissue and promotes visibly younger skin.<\/li>\n<li><b>Powerful Biostimulation:<\/b> Exponentially increases the production of collagen and elastin.<\/li>\n<li><b>Improved Firmness and Elasticity:<\/b> Combats sagging and redensifies the skin structure.<\/li>\n<li><b>Wrinkle and Fine Line Reduction:<\/b> Softens the signs of aging from within.<\/li>\n<li><b>Brightness and Uniform Tone:<\/b> Improves texture, reduces pores and provides a <i>glow<\/i> healthy to the skin.<\/li>\n<\/ul>","protected":false},"excerpt":{"rendered":"<p>3-session package <b>Advanced Cellular Regeneration Therapy<\/b> with Exosomes or PDRN. This biotechnological treatment promotes deep skin repair, multiplying collagen and elastin production. It achieves comprehensive rejuvenation, improves firmness, reduces wrinkles, evens skin tone, and restores radiance.<\/p>","protected":false},"featured_media":23793,"comment_status":"closed","ping_status":"closed","template":"","meta":[],"product_brand":[],"product_cat":[204,207],"product_tag":[],"class_list":{"0":"post-23792","1":"product","2":"type-product","3":"status-publish","4":"has-post-thumbnail","6":"product_cat-facial","7":"product_cat-todos-los-productos","9":"first","10":"instock","11":"shipping-taxable","12":"purchasable","13":"product-type-simple"},"yoast_head":"<!-- This site is optimized with the Yoast SEO plugin v26.9 - https:\/\/yoast.com\/product\/yoast-seo-wordpress\/ -->\n<title>Paquete 3 sesiones (Exosomas o PDRN) - Dermag\u00e9nesis Costa Rica<\/title>\n<meta name=\"robots\" content=\"index, follow, max-snippet:-1, max-image-preview:large, max-video-preview:-1\" \/>\n<link rel=\"canonical\" href=\"https:\/\/dermagenesiscostarica.com\/en\/product\/paquete-3-sesiones-exosomas-o-pdrn\/\" \/>\n<meta property=\"og:locale\" content=\"en_US\" \/>\n<meta property=\"og:type\" content=\"article\" \/>\n<meta property=\"og:title\" content=\"Paquete 3 sesiones (Exosomas o PDRN) - Dermag\u00e9nesis Costa Rica\" \/>\n<meta property=\"og:description\" content=\"Paquete de 3 sesiones de Terapia de Regeneraci\u00f3n Celular Avanzada con Exosomas o PDRN. Este tratamiento biotecnol\u00f3gico impulsa la reparaci\u00f3n profunda de la piel, multiplicando la producci\u00f3n de col\u00e1geno y elastina. Logra un rejuvenecimiento integral, mejora la firmeza, reduce arrugas, unifica el tono y devuelve la luminosidad.\" \/>\n<meta property=\"og:url\" content=\"https:\/\/dermagenesiscostarica.com\/en\/product\/paquete-3-sesiones-exosomas-o-pdrn\/\" \/>\n<meta property=\"og:site_name\" content=\"Dermag\u00e9nesis Costa Rica\" \/>\n<meta property=\"article:publisher\" content=\"https:\/\/www.facebook.com\/dermagenesiscostarica\" \/>\n<meta property=\"article:modified_time\" content=\"2025-10-23T17:19:00+00:00\" \/>\n<meta property=\"og:image\" content=\"https:\/\/dermagenesiscostarica.com\/wp-content\/uploads\/2025\/10\/EXOPDRN-1.jpg\" \/>\n\t<meta property=\"og:image:width\" content=\"1000\" \/>\n\t<meta property=\"og:image:height\" content=\"1000\" \/>\n\t<meta property=\"og:image:type\" content=\"image\/jpeg\" \/>\n<meta name=\"twitter:card\" content=\"summary_large_image\" \/>\n<meta name=\"twitter:label1\" content=\"Est. reading time\" \/>\n\t<meta name=\"twitter:data1\" content=\"1 minute\" \/>\n<script type=\"application\/ld+json\" class=\"yoast-schema-graph\">{\"@context\":\"https:\/\/schema.org\",\"@graph\":[{\"@type\":\"WebPage\",\"@id\":\"https:\/\/dermagenesiscostarica.com\/product\/paquete-3-sesiones-exosomas-o-pdrn\/\",\"url\":\"https:\/\/dermagenesiscostarica.com\/product\/paquete-3-sesiones-exosomas-o-pdrn\/\",\"name\":\"Paquete 3 sesiones (Exosomas o PDRN) - Dermag\u00e9nesis Costa Rica\",\"isPartOf\":{\"@id\":\"https:\/\/dermagenesiscostarica.com\/#website\"},\"primaryImageOfPage\":{\"@id\":\"https:\/\/dermagenesiscostarica.com\/product\/paquete-3-sesiones-exosomas-o-pdrn\/#primaryimage\"},\"image\":{\"@id\":\"https:\/\/dermagenesiscostarica.com\/product\/paquete-3-sesiones-exosomas-o-pdrn\/#primaryimage\"},\"thumbnailUrl\":\"https:\/\/dermagenesiscostarica.com\/wp-content\/uploads\/2025\/10\/EXOPDRN-1.jpg\",\"datePublished\":\"2025-10-22T22:33:31+00:00\",\"dateModified\":\"2025-10-23T17:19:00+00:00\",\"breadcrumb\":{\"@id\":\"https:\/\/dermagenesiscostarica.com\/product\/paquete-3-sesiones-exosomas-o-pdrn\/#breadcrumb\"},\"inLanguage\":\"en-US\",\"potentialAction\":[{\"@type\":\"ReadAction\",\"target\":[\"https:\/\/dermagenesiscostarica.com\/product\/paquete-3-sesiones-exosomas-o-pdrn\/\"]}]},{\"@type\":\"ImageObject\",\"inLanguage\":\"en-US\",\"@id\":\"https:\/\/dermagenesiscostarica.com\/product\/paquete-3-sesiones-exosomas-o-pdrn\/#primaryimage\",\"url\":\"https:\/\/dermagenesiscostarica.com\/wp-content\/uploads\/2025\/10\/EXOPDRN-1.jpg\",\"contentUrl\":\"https:\/\/dermagenesiscostarica.com\/wp-content\/uploads\/2025\/10\/EXOPDRN-1.jpg\",\"width\":1000,\"height\":1000},{\"@type\":\"BreadcrumbList\",\"@id\":\"https:\/\/dermagenesiscostarica.com\/product\/paquete-3-sesiones-exosomas-o-pdrn\/#breadcrumb\",\"itemListElement\":[{\"@type\":\"ListItem\",\"position\":1,\"name\":\"Portada\",\"item\":\"https:\/\/dermagenesiscostarica.com\/\"},{\"@type\":\"ListItem\",\"position\":2,\"name\":\"Tienda\",\"item\":\"https:\/\/dermagenesiscostarica.com\/shop-custom\/\"},{\"@type\":\"ListItem\",\"position\":3,\"name\":\"Paquete 3 sesiones (Exosomas o PDRN)\"}]},{\"@type\":\"WebSite\",\"@id\":\"https:\/\/dermagenesiscostarica.com\/#website\",\"url\":\"https:\/\/dermagenesiscostarica.com\/\",\"name\":\"Dermag\u00e9nesis Costa Rica\",\"description\":\"\",\"publisher\":{\"@id\":\"https:\/\/dermagenesiscostarica.com\/#organization\"},\"potentialAction\":[{\"@type\":\"SearchAction\",\"target\":{\"@type\":\"EntryPoint\",\"urlTemplate\":\"https:\/\/dermagenesiscostarica.com\/?s={search_term_string}\"},\"query-input\":{\"@type\":\"PropertyValueSpecification\",\"valueRequired\":true,\"valueName\":\"search_term_string\"}}],\"inLanguage\":\"en-US\"},{\"@type\":\"Organization\",\"@id\":\"https:\/\/dermagenesiscostarica.com\/#organization\",\"name\":\"Dermag\u00e9nesis Costa Rica\",\"url\":\"https:\/\/dermagenesiscostarica.com\/\",\"logo\":{\"@type\":\"ImageObject\",\"inLanguage\":\"en-US\",\"@id\":\"https:\/\/dermagenesiscostarica.com\/#\/schema\/logo\/image\/\",\"url\":\"https:\/\/dermagenesiscostarica.com\/wp-content\/uploads\/2024\/10\/logo-v1.png\",\"contentUrl\":\"https:\/\/dermagenesiscostarica.com\/wp-content\/uploads\/2024\/10\/logo-v1.png\",\"width\":520,\"height\":297,\"caption\":\"Dermag\u00e9nesis Costa Rica\"},\"image\":{\"@id\":\"https:\/\/dermagenesiscostarica.com\/#\/schema\/logo\/image\/\"},\"sameAs\":[\"https:\/\/www.facebook.com\/dermagenesiscostarica\",\"https:\/\/www.instagram.com\/dermagenesiscostarica\"]}]}<\/script>\n<!-- \/ Yoast SEO plugin. -->","yoast_head_json":{"title":"Paquete 3 sesiones (Exosomas o PDRN) - Dermag\u00e9nesis Costa Rica","robots":{"index":"index","follow":"follow","max-snippet":"max-snippet:-1","max-image-preview":"max-image-preview:large","max-video-preview":"max-video-preview:-1"},"canonical":"https:\/\/dermagenesiscostarica.com\/en\/product\/paquete-3-sesiones-exosomas-o-pdrn\/","og_locale":"en_US","og_type":"article","og_title":"Paquete 3 sesiones (Exosomas o PDRN) - Dermag\u00e9nesis Costa Rica","og_description":"Paquete de 3 sesiones de Terapia de Regeneraci\u00f3n Celular Avanzada con Exosomas o PDRN. Este tratamiento biotecnol\u00f3gico impulsa la reparaci\u00f3n profunda de la piel, multiplicando la producci\u00f3n de col\u00e1geno y elastina. Logra un rejuvenecimiento integral, mejora la firmeza, reduce arrugas, unifica el tono y devuelve la luminosidad.","og_url":"https:\/\/dermagenesiscostarica.com\/en\/product\/paquete-3-sesiones-exosomas-o-pdrn\/","og_site_name":"Dermag\u00e9nesis Costa Rica","article_publisher":"https:\/\/www.facebook.com\/dermagenesiscostarica","article_modified_time":"2025-10-23T17:19:00+00:00","og_image":[{"width":1000,"height":1000,"url":"https:\/\/dermagenesiscostarica.com\/wp-content\/uploads\/2025\/10\/EXOPDRN-1.jpg","type":"image\/jpeg"}],"twitter_card":"summary_large_image","twitter_misc":{"Est. reading time":"1 minute"},"schema":{"@context":"https:\/\/schema.org","@graph":[{"@type":"WebPage","@id":"https:\/\/dermagenesiscostarica.com\/product\/paquete-3-sesiones-exosomas-o-pdrn\/","url":"https:\/\/dermagenesiscostarica.com\/product\/paquete-3-sesiones-exosomas-o-pdrn\/","name":"Paquete 3 sesiones (Exosomas o PDRN) - Dermag\u00e9nesis Costa Rica","isPartOf":{"@id":"https:\/\/dermagenesiscostarica.com\/#website"},"primaryImageOfPage":{"@id":"https:\/\/dermagenesiscostarica.com\/product\/paquete-3-sesiones-exosomas-o-pdrn\/#primaryimage"},"image":{"@id":"https:\/\/dermagenesiscostarica.com\/product\/paquete-3-sesiones-exosomas-o-pdrn\/#primaryimage"},"thumbnailUrl":"https:\/\/dermagenesiscostarica.com\/wp-content\/uploads\/2025\/10\/EXOPDRN-1.jpg","datePublished":"2025-10-22T22:33:31+00:00","dateModified":"2025-10-23T17:19:00+00:00","breadcrumb":{"@id":"https:\/\/dermagenesiscostarica.com\/product\/paquete-3-sesiones-exosomas-o-pdrn\/#breadcrumb"},"inLanguage":"en-US","potentialAction":[{"@type":"ReadAction","target":["https:\/\/dermagenesiscostarica.com\/product\/paquete-3-sesiones-exosomas-o-pdrn\/"]}]},{"@type":"ImageObject","inLanguage":"en-US","@id":"https:\/\/dermagenesiscostarica.com\/product\/paquete-3-sesiones-exosomas-o-pdrn\/#primaryimage","url":"https:\/\/dermagenesiscostarica.com\/wp-content\/uploads\/2025\/10\/EXOPDRN-1.jpg","contentUrl":"https:\/\/dermagenesiscostarica.com\/wp-content\/uploads\/2025\/10\/EXOPDRN-1.jpg","width":1000,"height":1000},{"@type":"BreadcrumbList","@id":"https:\/\/dermagenesiscostarica.com\/product\/paquete-3-sesiones-exosomas-o-pdrn\/#breadcrumb","itemListElement":[{"@type":"ListItem","position":1,"name":"Portada","item":"https:\/\/dermagenesiscostarica.com\/"},{"@type":"ListItem","position":2,"name":"Tienda","item":"https:\/\/dermagenesiscostarica.com\/shop-custom\/"},{"@type":"ListItem","position":3,"name":"Paquete 3 sesiones (Exosomas o PDRN)"}]},{"@type":"WebSite","@id":"https:\/\/dermagenesiscostarica.com\/#website","url":"https:\/\/dermagenesiscostarica.com\/","name":"Dermagenesis Costa Rica","description":"","publisher":{"@id":"https:\/\/dermagenesiscostarica.com\/#organization"},"potentialAction":[{"@type":"SearchAction","target":{"@type":"EntryPoint","urlTemplate":"https:\/\/dermagenesiscostarica.com\/?s={search_term_string}"},"query-input":{"@type":"PropertyValueSpecification","valueRequired":true,"valueName":"search_term_string"}}],"inLanguage":"en-US"},{"@type":"Organization","@id":"https:\/\/dermagenesiscostarica.com\/#organization","name":"Dermagenesis Costa Rica","url":"https:\/\/dermagenesiscostarica.com\/","logo":{"@type":"ImageObject","inLanguage":"en-US","@id":"https:\/\/dermagenesiscostarica.com\/#\/schema\/logo\/image\/","url":"https:\/\/dermagenesiscostarica.com\/wp-content\/uploads\/2024\/10\/logo-v1.png","contentUrl":"https:\/\/dermagenesiscostarica.com\/wp-content\/uploads\/2024\/10\/logo-v1.png","width":520,"height":297,"caption":"Dermag\u00e9nesis Costa Rica"},"image":{"@id":"https:\/\/dermagenesiscostarica.com\/#\/schema\/logo\/image\/"},"sameAs":["https:\/\/www.facebook.com\/dermagenesiscostarica","https:\/\/www.instagram.com\/dermagenesiscostarica"]}]}},"_links":{"self":[{"href":"https:\/\/dermagenesiscostarica.com\/en\/wp-json\/wp\/v2\/product\/23792","targetHints":{"allow":["GET"]}}],"collection":[{"href":"https:\/\/dermagenesiscostarica.com\/en\/wp-json\/wp\/v2\/product"}],"about":[{"href":"https:\/\/dermagenesiscostarica.com\/en\/wp-json\/wp\/v2\/types\/product"}],"replies":[{"embeddable":true,"href":"https:\/\/dermagenesiscostarica.com\/en\/wp-json\/wp\/v2\/comments?post=23792"}],"wp:featuredmedia":[{"embeddable":true,"href":"https:\/\/dermagenesiscostarica.com\/en\/wp-json\/wp\/v2\/media\/23793"}],"wp:attachment":[{"href":"https:\/\/dermagenesiscostarica.com\/en\/wp-json\/wp\/v2\/media?parent=23792"}],"wp:term":[{"taxonomy":"product_brand","embeddable":true,"href":"https:\/\/dermagenesiscostarica.com\/en\/wp-json\/wp\/v2\/product_brand?post=23792"},{"taxonomy":"product_cat","embeddable":true,"href":"https:\/\/dermagenesiscostarica.com\/en\/wp-json\/wp\/v2\/product_cat?post=23792"},{"taxonomy":"product_tag","embeddable":true,"href":"https:\/\/dermagenesiscostarica.com\/en\/wp-json\/wp\/v2\/product_tag?post=23792"}],"curies":[{"name":"wp","href":"https:\/\/api.w.org\/{rel}","templated":true}]}}